{"id":183,"date":"2018-12-05T17:56:06","date_gmt":"2018-12-05T22:56:06","guid":{"rendered":"https:\/\/www.cmsv-iquitos.com\/web\/?post_type=product&#038;p=183"},"modified":"2024-11-11T07:52:43","modified_gmt":"2024-11-11T12:52:43","slug":"huito-sweet-caja-grande","status":"publish","type":"product","link":"https:\/\/www.cmsv-iquitos.com\/web\/producto\/huito-sweet-caja-grande\/","title":{"rendered":"Huito Sweet Caja Grande"},"content":{"rendered":"<p>El producto Huito Sweet ser\u00e1 elaborado con cortezas, frescas, sanas, limpias y secadas al sol, de las variedades comerciales que respondan a las caracter\u00edsticas de cada una de ella, con aguardiente de ca\u00f1a de la zona con un graduaci\u00f3n alcoh\u00f3lica de de 25 \u00baGL y elaborado seg\u00fan caracter\u00edsticas de referencia de la NTP (Norma T\u00e9cnica Peruana) 210.010.2005. y especificaciones de la empresa.<\/p>\n<table style=\"height: 54px;\" width=\"312\">\n<tbody>\n<tr>\n<td width=\"80\">Reg. Sanit:<\/td>\n<td width=\"151\">P9301510N &#8211; OACRMC<\/td>\n<\/tr>\n<\/tbody>\n<\/table>\n","protected":false},"excerpt":{"rendered":"<p>Este preparado es herencia de tres generaciones, mi bisabuelo lo aprendi\u00f3 de los antiguos nativos de nuestra Amazon\u00eda quienes lo usaban como parte de sus ritos y creencias para mantenerse fuertes y sin dolores al mismo tiempo que cre\u00edan fortalec\u00eda sus libido.<\/p>\n","protected":false},"featured_media":164,"comment_status":"open","ping_status":"closed","template":"","meta":{"_et_pb_use_builder":"","_et_pb_old_content":"","_et_gb_content_width":""},"product_brand":[],"product_cat":[18],"product_tag":[],"class_list":{"0":"post-183","1":"product","2":"type-product","3":"status-publish","4":"has-post-thumbnail","6":"product_cat-licores","8":"first","9":"instock","10":"shipping-taxable","11":"purchasable","12":"product-type-simple"},"_links":{"self":[{"href":"https:\/\/www.cmsv-iquitos.com\/web\/wp-json\/wp\/v2\/product\/183","targetHints":{"allow":["GET"]}}],"collection":[{"href":"https:\/\/www.cmsv-iquitos.com\/web\/wp-json\/wp\/v2\/product"}],"about":[{"href":"https:\/\/www.cmsv-iquitos.com\/web\/wp-json\/wp\/v2\/types\/product"}],"replies":[{"embeddable":true,"href":"https:\/\/www.cmsv-iquitos.com\/web\/wp-json\/wp\/v2\/comments?post=183"}],"wp:featuredmedia":[{"embeddable":true,"href":"https:\/\/www.cmsv-iquitos.com\/web\/wp-json\/wp\/v2\/media\/164"}],"wp:attachment":[{"href":"https:\/\/www.cmsv-iquitos.com\/web\/wp-json\/wp\/v2\/media?parent=183"}],"wp:term":[{"taxonomy":"product_brand","embeddable":true,"href":"https:\/\/www.cmsv-iquitos.com\/web\/wp-json\/wp\/v2\/product_brand?post=183"},{"taxonomy":"product_cat","embeddable":true,"href":"https:\/\/www.cmsv-iquitos.com\/web\/wp-json\/wp\/v2\/product_cat?post=183"},{"taxonomy":"product_tag","embeddable":true,"href":"https:\/\/www.cmsv-iquitos.com\/web\/wp-json\/wp\/v2\/product_tag?post=183"}],"curies":[{"name":"wp","href":"https:\/\/api.w.org\/{rel}","templated":true}]}}